{"id":1109,"date":"2019-05-06T16:32:00","date_gmt":"2019-05-06T14:32:00","guid":{"rendered":"http:\/\/www.corsobrezany.cz\/betaen\/betacz\/?page_id=1109"},"modified":"2019-05-06T20:13:12","modified_gmt":"2019-05-06T18:13:12","slug":"souhlas-se-zpracovanim-osobnich-udaju","status":"publish","type":"page","link":"https:\/\/www.corsobrezany.cz\/en\/souhlas-se-zpracovanim-osobnich-udaju\/","title":{"rendered":"Souhlas se zpracov\u00e1n\u00edm osobn\u00edch \u00fadaj\u016f"},"content":{"rendered":"<p><b>Souhlas se zpracov\u00e1n\u00edm osobn\u00edch \u00fadaj\u016f<\/b><\/p>\n<ol>\n<li>Ud\u011bluji t\u00edmto souhlas Etarea Invenium s.r.o., N\u00e1m\u011bst\u00ed Na S\u00e1dk\u00e1ch 704, 252 41 Doln\u00ed B\u0159e\u017eany, C 220549 veden\u00e1 u M\u011bstsk\u00e9ho soudu v Praze, I\u010cO 02547490 (d\u00e1le jen \u201espr\u00e1vce\u201c), aby ve smyslu na\u0159\u00edzen\u00ed \u010d. 679\/2016 o ochran\u011b osobn\u00edch \u00fadaj\u016f fyzick\u00fdch osob (d\u00e1le jen \u201eGDPR\u201c) zpracov\u00e1val tyto osobn\u00ed \u00fadaje:\n<ul>\n<li>Jm\u00e9no a p\u0159\u00edjmen\u00ed<\/li>\n<li>E-mail<\/li>\n<li>Telefonn\u00ed \u010d\u00edslo apod.<\/li>\n<\/ul>\n<\/li>\n<li>Tyto osobn\u00ed \u00fadaje je nutn\u00e9 zpracovat pro \u00fa\u010del rozes\u00edl\u00e1n\u00ed newsletteru a aktu\u00e1ln\u00edch informac\u00ed o nab\u00edzen\u00fdch pron\u00e1jmech obchodn\u00edch a pop up box prostor\u016f. \u00dadaje budou spr\u00e1vcem zpracov\u00e1ny po dobu 2 let.<\/li>\n<li>S\u00a0v\u00fd\u0161e uveden\u00fdm zpracov\u00e1n\u00edm ud\u011bluji v\u00fdslovn\u00fd souhlas. Souhlas lze vz\u00edt kdykoliv zp\u011bt a to nap\u0159\u00edklad zasl\u00e1n\u00edm e-mailu nebo dopisu na kontaktn\u00ed \u00fadaje n\u00e1zev <i>Etarea Invenium s . r. o.<\/i><\/li>\n<li>Zpracov\u00e1n\u00ed osobn\u00edch \u00fadaj\u016f je prov\u00e1d\u011bno Spr\u00e1vcem, osobn\u00ed \u00fadaje v\u0161ak pro spr\u00e1vce mohou zpracov\u00e1vat i tito zpracovatel\u00e9\n<ul>\n<li>Nap\u0159. IT dodavatel\u00e9<\/li>\n<li>Nap\u0159. Poskytovatel\u00e9 zpracovatelsk\u00fdch softwar\u016f<\/li>\n<\/ul>\n<\/li>\n<li>Dle GDPR m\u00e1te pr\u00e1vo:\n<ul>\n<li>Vz\u00edt souhlas kdykoliv zp\u011bt<\/li>\n<li>Po\u017eadovat informaci, jak\u00e9 va\u0161e osobn\u00ed \u00fadaje zpracov\u00e1v\u00e1me<\/li>\n<li>Po\u017e\u00e1dat vysv\u011btlen\u00ed ohledn\u011b zpracov\u00e1n\u00ed osobn\u00edch \u00fadaj\u016f<\/li>\n<li>Vy\u017e\u00e1dat si p\u0159\u00edstup k\u00a0t\u011bmto \u00fadaj\u016fm a tyto nechat aktualizovat nebo opravit<\/li>\n<li>Po\u017eadovat opravu, v\u00fdmaz osobn\u00edch \u00fadaj\u016f, omezen\u00ed zpracov\u00e1n\u00ed a vzn\u00e9st n\u00e1mitku proti zpracov\u00e1n\u00ed<\/li>\n<\/ul>\n<\/li>\n<\/ol>\n","protected":false},"excerpt":{"rendered":"<p>Souhlas se zpracov\u00e1n\u00edm osobn\u00edch \u00fadaj\u016f Ud\u011bluji t\u00edmto souhlas Etarea Invenium s.r.o., N\u00e1m\u011bst\u00ed Na S\u00e1dk\u00e1ch 704, 252 41 Doln\u00ed B\u0159e\u017eany, C 220549 veden\u00e1 u M\u011bstsk\u00e9ho soudu v Praze, I\u010cO 02547490 (d\u00e1le [&hellip;]<\/p>\n","protected":false},"author":1,"featured_media":0,"parent":0,"menu_order":20,"comment_status":"closed","ping_status":"closed","template":"","meta":{"_acf_changed":false,"inline_featured_image":false,"footnotes":""},"class_list":["post-1109","page","type-page","status-publish","hentry","wpautop"],"aioseo_notices":[],"acf":[],"_links":{"self":[{"href":"https:\/\/www.corsobrezany.cz\/en\/wp-json\/wp\/v2\/pages\/1109","targetHints":{"allow":["GET"]}}],"collection":[{"href":"https:\/\/www.corsobrezany.cz\/en\/wp-json\/wp\/v2\/pages"}],"about":[{"href":"https:\/\/www.corsobrezany.cz\/en\/wp-json\/wp\/v2\/types\/page"}],"author":[{"embeddable":true,"href":"https:\/\/www.corsobrezany.cz\/en\/wp-json\/wp\/v2\/users\/1"}],"replies":[{"embeddable":true,"href":"https:\/\/www.corsobrezany.cz\/en\/wp-json\/wp\/v2\/comments?post=1109"}],"version-history":[{"count":4,"href":"https:\/\/www.corsobrezany.cz\/en\/wp-json\/wp\/v2\/pages\/1109\/revisions"}],"predecessor-version":[{"id":1585,"href":"https:\/\/www.corsobrezany.cz\/en\/wp-json\/wp\/v2\/pages\/1109\/revisions\/1585"}],"wp:attachment":[{"href":"https:\/\/www.corsobrezany.cz\/en\/wp-json\/wp\/v2\/media?parent=1109"}],"curies":[{"name":"wp","href":"https:\/\/api.w.org\/{rel}","templated":true}]}}