{"id":157,"date":"2019-04-24T13:00:49","date_gmt":"2019-04-24T11:00:49","guid":{"rendered":"http:\/\/www.corsobrezany.cz\/betaen\/betacz\/?page_id=157"},"modified":"2020-10-31T16:10:48","modified_gmt":"2020-10-31T15:10:48","slug":"contact-us","status":"publish","type":"page","link":"https:\/\/www.corsobrezany.cz\/en\/contact-us\/","title":{"rendered":"Contact us"},"content":{"rendered":"<div id='full_slider_1'  class='avia-fullwidth-slider main_color avia-shadow   avia-builder-el-0  el_before_av_layout_row  avia-builder-el-first  mainslide  container_wrap fullsize'  ><div  class='avia-slideshow av-juuxtcow-dcf32dd001517e6f4e7b03a4ec139ad7 avia-slideshow-featured av_slideshow_full avia-fade-slider mainslide av-slideshow-ui av-control-default av-slideshow-manual av-loop-once av-loop-manual-endless av-default-height-applied   avia-slideshow-1' data-slideshow-options=\"{&quot;animation&quot;:&quot;fade&quot;,&quot;autoplay&quot;:false,&quot;loop_autoplay&quot;:&quot;once&quot;,&quot;interval&quot;:5,&quot;loop_manual&quot;:&quot;manual-endless&quot;,&quot;autoplay_stopper&quot;:false,&quot;noNavigation&quot;:false,&quot;bg_slider&quot;:false,&quot;keep_padding&quot;:false,&quot;hoverpause&quot;:false,&quot;show_slide_delay&quot;:0}\"  itemprop=\"image\" itemscope=\"itemscope\" itemtype=\"https:\/\/schema.org\/ImageObject\" ><ul class='avia-slideshow-inner ' style='padding-bottom: 28.6666666667%;'><li  class='avia-slideshow-slide av-juuxtcow-dcf32dd001517e6f4e7b03a4ec139ad7__0  av-single-slide slide-1 slide-odd'><div data-rel='slideshow-1' class='avia-slide-wrap '   ><img decoding=\"async\" fetchpriority=\"high\" class=\"wp-image-238 avia-img-lazy-loading-not-238\"  src=\"https:\/\/www.corsobrezany.cz\/en\/wp-content\/uploads\/sites\/8\/2019\/04\/keltsky-park-1500x430-1556278245.jpg\" width=\"1500\" height=\"430\" title='keltsky park' alt=''  itemprop=\"thumbnailUrl\"   \/><\/div><\/li><\/ul><div class='av-slideshow-caption av-juuxtcow-dcf32dd001517e6f4e7b03a4ec139ad7__0 caption_fullwidth caption_center'><div class=\"container caption_container\"><div class=\"slideshow_caption\"><div class=\"slideshow_inner_caption\"><div class=\"slideshow_align_caption\"><h2 class='avia-caption-title '  itemprop=\"name\" >real people, perfect place<\/h2><\/div><\/div><\/div><\/div><\/div><\/div><\/div>\n<div id='av-layout-grid-1'  class='av-layout-grid-container av-1gnn6d-7f45b0ab47f43c4d49d657010a7ec250 entry-content-wrapper main_color av-flex-cells  avia-builder-el-1  el_after_av_slideshow_full  el_before_av_hr  grid-row-not-first  container_wrap fullsize'  >\n\n<style type=\"text\/css\" data-created_by=\"avia_inline_auto\" id=\"style-css-av-k9ppkk2w-0717664f0c9e6c33e5ba2d4ab36ffa9d\">\n.flex_cell.av-k9ppkk2w-0717664f0c9e6c33e5ba2d4ab36ffa9d{\nvertical-align:top;\n}\n.responsive #top #wrap_all .flex_cell.av-k9ppkk2w-0717664f0c9e6c33e5ba2d4ab36ffa9d{\npadding:30px 30px 30px 10% !important;\n}\n<\/style>\n<div class='flex_cell av-k9ppkk2w-0717664f0c9e6c33e5ba2d4ab36ffa9d av-gridrow-cell av_one_half no_margin  avia-builder-el-2  el_before_av_cell_one_half  avia-builder-el-first  content-align-top'  ><div class='flex_cell_inner'><div  class='av_gmaps_sc_main_wrap av_gmaps_main_wrap '><div id='av_gmap_0' class='avia-google-map-container avia-google-map-sc av_gmaps_show_unconditionally av-no-fallback-img ' data-mapid='av_gmap_0'  style='height: 400px;'><a class=\"av_gmaps_browser_disabled av_text_confirm_link av_text_confirm_link_visible\" href=\"https:\/\/www.google.com\/maps\/search\/?api=1&#038;query=N\u00e1m\u011bst\u00ed%20%20Doln\u00ed%20B\u0159e\u017eany%20%20Czech%20Republic\" target=\"_blank\">Maps were disabled by the visitor on this site. Click to open the map in a new window.<\/a><\/div><\/div>\n<\/div><\/div>\n<style type=\"text\/css\" data-created_by=\"avia_inline_auto\" id=\"style-css-av-k9ppkrz5-7dc151d2f8e25504f3fb66dfdee576d2\">\n.flex_cell.av-k9ppkrz5-7dc151d2f8e25504f3fb66dfdee576d2{\nvertical-align:top;\n}\n.responsive #top #wrap_all .flex_cell.av-k9ppkrz5-7dc151d2f8e25504f3fb66dfdee576d2{\npadding:30px 10% 30px 30px !important;\n}\n<\/style>\n<div class='flex_cell av-k9ppkrz5-7dc151d2f8e25504f3fb66dfdee576d2 av-gridrow-cell av_one_half no_margin  avia-builder-el-4  el_after_av_cell_one_half  avia-builder-el-last  content-align-top'  ><div class='flex_cell_inner'><p>\n<style type=\"text\/css\" data-created_by=\"avia_inline_auto\" id=\"style-css-av-av_heading-f596dc7a4e31cced2c52a386d5568bbd\">\n#top .av-special-heading.av-av_heading-f596dc7a4e31cced2c52a386d5568bbd{\npadding-bottom:10px;\n}\nbody .av-special-heading.av-av_heading-f596dc7a4e31cced2c52a386d5568bbd .av-special-heading-tag .heading-char{\nfont-size:25px;\n}\n.av-special-heading.av-av_heading-f596dc7a4e31cced2c52a386d5568bbd .av-subheading{\nfont-size:15px;\n}\n<\/style>\n<div  class='av-special-heading av-av_heading-f596dc7a4e31cced2c52a386d5568bbd av-special-heading-h1 blockquote modern-quote  avia-builder-el-5  el_before_av_textblock  avia-builder-el-first '><h1 class='av-special-heading-tag '  itemprop=\"headline\"  >Contact us<\/h1><div class=\"special-heading-border\"><div class=\"special-heading-inner-border\"><\/div><\/div><\/div><br \/>\n<section  class='av_textblock_section av-k9ppngdn-b5c923b0c79dc00a792e505fdf5727f6 '   itemscope=\"itemscope\" itemtype=\"https:\/\/schema.org\/CreativeWork\" ><div class='avia_textblock'  itemprop=\"text\" ><p>N\u00e1m\u011bst\u00ed Na S\u00e1dk\u00e1ch 701<br \/>\n252 41 Doln\u00ed B\u0159e\u017eany<br \/>\nCzech Republic<\/p>\n<\/div><\/section><br \/>\n\n<style type=\"text\/css\" data-created_by=\"avia_inline_auto\" id=\"style-css-av-k9ppor7t-70ed9fded91b88293c0d06b679ccc7b8\">\n#top .hr.hr-invisible.av-k9ppor7t-70ed9fded91b88293c0d06b679ccc7b8{\nheight:20px;\n}\n<\/style>\n<div  class='hr av-k9ppor7t-70ed9fded91b88293c0d06b679ccc7b8 hr-invisible  avia-builder-el-7  el_after_av_textblock  el_before_av_textblock '><span class='hr-inner '><span class=\"hr-inner-style\"><\/span><\/span><\/div><br \/>\n<section  class='av_textblock_section av-k9ppngdn-b5c923b0c79dc00a792e505fdf5727f6 '   itemscope=\"itemscope\" itemtype=\"https:\/\/schema.org\/CreativeWork\" ><div class='avia_textblock'  itemprop=\"text\" ><p>bus stop Doln\u00ed B\u0159e\u017eany, n\u00e1m\u011bst\u00ed<br \/>\nbus 331 and 333 from Ka\u010derov metro station, 341 from Mod\u0159any<\/p>\n<\/div><\/section><br \/>\n<section  class='av_textblock_section av-k9ppngdn-b5c923b0c79dc00a792e505fdf5727f6 '   itemscope=\"itemscope\" itemtype=\"https:\/\/schema.org\/CreativeWork\" ><div class='avia_textblock'  itemprop=\"text\" ><p><a href=\"mailto:info@corsobrezany.cz\">info@corsobrezany.cz<\/a><\/p>\n<\/div><\/section><\/p>\n<\/div><\/div><\/div><div id='after_grid_row_1'  class='main_color av_default_container_wrap container_wrap fullsize'  ><div class='container av-section-cont-open' ><div class='template-page content  av-content-full alpha units'><div class='post-entry post-entry-type-page post-entry-157'><div class='entry-content-wrapper clearfix'>\n<style type=\"text\/css\" data-created_by=\"avia_inline_auto\" id=\"style-css-av-k9ppor7t-c75540a10a68796b08998959a6618e94\">\n#top .hr.hr-invisible.av-k9ppor7t-c75540a10a68796b08998959a6618e94{\nheight:50px;\n}\n<\/style>\n<div  class='hr av-k9ppor7t-c75540a10a68796b08998959a6618e94 hr-invisible  avia-builder-el-10  el_after_av_layout_row  el_before_av_layout_row  avia-builder-el-no-sibling '><span class='hr-inner '><span class=\"hr-inner-style\"><\/span><\/span><\/div><\/p>\n<\/div><\/div><\/div><!-- close content main div --><\/div><\/div><div id='av-layout-grid-2'  class='av-layout-grid-container av-t2en9-656dac14b6e31c5715b55af4879d9a9e entry-content-wrapper main_color av-flex-cells  avia-builder-el-11  el_after_av_hr  el_before_av_one_full  grid-row-not-first  container_wrap fullsize'  >\n<div class='flex_cell av-1v2h1-31afd5898adcf14a938728af996f7278 av-gridrow-cell av_one_fourth no_margin  avia-builder-el-12  el_before_av_cell_one_half  avia-builder-el-first '  ><div class='flex_cell_inner'><\/div><\/div><div class='flex_cell av-eg4np-001ec8be3ce6c33902f6199586fcbd2b av-gridrow-cell av_one_half no_margin  avia-builder-el-13  el_after_av_cell_one_fourth  el_before_av_cell_one_fourth '  ><div class='flex_cell_inner'><section  class='av_textblock_section av-11xtr-0142b64a7160d5f8f032658da8e65821 '   itemscope=\"itemscope\" itemtype=\"https:\/\/schema.org\/CreativeWork\" ><div class='avia_textblock'  itemprop=\"text\" ><p class=\"p3\" style=\"text-align: justify;\"><span class=\"s1\">Real estate management &#8211; leasing of vacant premises, preparation of units for occupancy (provision of necessary permits, occupancy permits, re-approval) \/ Property management &#8211; tenant relations management, premises<\/span><span class=\"s2\"> refurbishment<\/span><span class=\"s1\"> \/ Marketing and organi<\/span><span class=\"s2\">z<\/span><span class=\"s1\">ation of public events, events and exhibitions (in cooperation with the municipality and <\/span><span class=\"s2\">residential unit owners association<\/span><span class=\"s1\">), team building and corporate events in a unique atmosphere<\/span><\/p>\n<\/div><\/section>\n<\/div><\/div>\n<style type=\"text\/css\" data-created_by=\"avia_inline_auto\" id=\"style-css-av-aelgl-733b70eee6c7f37d0a84d71e27c4cc4c\">\n.flex_cell.av-aelgl-733b70eee6c7f37d0a84d71e27c4cc4c{\nvertical-align:top;\n}\n.responsive #top #wrap_all .flex_cell.av-aelgl-733b70eee6c7f37d0a84d71e27c4cc4c{\npadding:30px 30px 30px 30px !important;\n}\n<\/style>\n<div class='flex_cell av-aelgl-733b70eee6c7f37d0a84d71e27c4cc4c av-gridrow-cell av_one_fourth no_margin  avia-builder-el-15  el_after_av_cell_one_half  avia-builder-el-last  content-align-top'  ><div class='flex_cell_inner'><\/div><\/div>\n<\/div><div id='after_grid_row_2'  class='main_color av_default_container_wrap container_wrap fullsize'  ><div class='container av-section-cont-open' ><div class='template-page content  av-content-full alpha units'><div class='post-entry post-entry-type-page post-entry-157'><div class='entry-content-wrapper clearfix'>\n\n<style type=\"text\/css\" data-created_by=\"avia_inline_auto\" id=\"style-css-av-14zbf-b6420e830ee62ca2e5d7325ac9baadfc\">\n.flex_column.av-14zbf-b6420e830ee62ca2e5d7325ac9baadfc{\nborder-radius:0px 0px 0px 0px;\npadding:0px 0px 0px 0px;\n}\n<\/style>\n<div  class='flex_column av-14zbf-b6420e830ee62ca2e5d7325ac9baadfc av_one_full  avia-builder-el-16  el_after_av_layout_row  el_before_av_postcontent  avia-builder-el-no-sibling  first flex_column_div av-zero-column-padding  '     ><\/div>\n[av_layout_row border='' min_height_percent='' min_height='0' color='main_color' mobile='av-flex-cells' id='' av_element_hidden_in_editor='0' mobile_breaking='' av-desktop-hide='' av-medium-hide='' av-small-hide='' av-mini-hide='' av_uid='av-sfzxu']\r\n\r\n[av_cell_one_fifth av_uid='av-ijmgq']\r\n\r\n[\/av_cell_one_fifth][av_cell_three_fifth av_uid='av-g94k2']\r\n\r\n[av_one_fifth first min_height='' vertical_alignment='' space='' custom_margin='' margin='0px' row_boxshadow='' row_boxshadow_color='' row_boxshadow_width='10' link='' linktarget='' link_hover='' padding='0px' highlight='' highlight_size='' border='' border_color='' radius='0px' column_boxshadow='' column_boxshadow_color='' column_boxshadow_width='10' background='bg_color' background_color='' background_gradient_color1='' background_gradient_color2='' background_gradient_direction='vertical' src='' background_position='top left' background_repeat='no-repeat' animation='' mobile_breaking='' mobile_display='' av_uid='av-d115h']\r\n\r\n[\/av_one_fifth][av_three_fifth min_height='av-equal-height-column' vertical_alignment='av-align-middle' space='' margin='0px' margin_sync='true' row_boxshadow_color='' row_boxshadow_width='10' link='' linktarget='' link_hover='' padding='20px,20px,10px,20px' highlight_size='1.1' border='' border_color='' radius='0px' radius_sync='true' column_boxshadow_color='' column_boxshadow_width='10' background='bg_color' background_color='#d61d7d' background_gradient_color1='' background_gradient_color2='' background_gradient_direction='vertical' src='' attachment='' attachment_size='' background_position='top left' background_repeat='no-repeat' animation='' mobile_breaking='' mobile_display='' av_uid='av-juxr9pne' custom_class='newsletter_box']\r\n\r\n[av_textblock size='' font_color='custom' color='#ffffff' av-medium-font-size='' av-small-font-size='' av-mini-font-size='' av_uid='av-juxswv77' custom_class='' admin_preview_bg='']\r\n<h3 class=\"corsohead\">Write us<\/h3>\r\n[\/av_textblock]\r\n\r\n[av_contact title='' button='Send' on_send='' sent='Formul\u00e1\u0159 byl odeslan\u00fd' link='manually,http:\/\/' captcha='' captcha_theme='light' captcha_size='normal' captcha_score='0.5' email='info@corsobrezany.cz' from_email='' subject='Corso - kontaktn\u00ed formul\u00e1\u0159' autoresponder_email='info@corsobrezany.cz' autoresponder_reply_to='' autoresponder_subject='' autorespond='' hide_labels='aviaTBhide_labels' form_align='centered' color='' heading_tag='' heading_class='' alb_description='' id='' custom_class='special_form' aria_label='' av_uid='av-jv24sojl' admin_preview_bg='']\r\n[av_contact_field label='your email' type='text' options='' check='is_email' width='' av_uid='av-5hxd5q' multi_select='' av_contact_preselect=''][\/av_contact_field]\r\n[av_contact_field label='message' type='text' options='' check='is_empty' width='' av_uid='av-42cl0u' multi_select='' av_contact_preselect=''][\/av_contact_field]\r\n[av_contact_field label='By submitting this contact form, I give full consent to the collection, storage and processing of my personal data. ' type='checkbox' options='' check='is_empty' width='' av_uid='av-31r2gu' multi_select='' av_contact_preselect=''][\/av_contact_field]\r\n[\/av_contact]\r\n\r\n[\/av_three_fifth][av_one_fifth min_height='' vertical_alignment='' space='' custom_margin='' margin='0px' row_boxshadow='' row_boxshadow_color='' row_boxshadow_width='10' link='' linktarget='' link_hover='' padding='0px' highlight='' highlight_size='' border='' border_color='' radius='0px' column_boxshadow='' column_boxshadow_color='' column_boxshadow_width='10' background='bg_color' background_color='' background_gradient_color1='' background_gradient_color2='' background_gradient_direction='vertical' src='' background_position='top left' background_repeat='no-repeat' animation='' mobile_breaking='' mobile_display='' av_uid='av-b2oqt']\r\n\r\n[\/av_one_fifth][\/av_cell_three_fifth][av_cell_one_fifth vertical_align='top' padding='30px' background='bg_color' background_color='' background_gradient_color1='' background_gradient_color2='' background_gradient_direction='vertical' src='' background_attachment='scroll' background_position='top left' background_repeat='no-repeat' link='' linktarget='' link_hover='' mobile_display='' av_uid='av-90sn6']\r\n\r\n[\/av_cell_one_fifth][\/av_layout_row]\n[av_hr class='invisible' height='100' shadow='no-shadow' position='center' custom_border='av-border-thin' custom_width='50px' custom_border_color='' custom_margin_top='30px' custom_margin_bottom='30px' icon_select='yes' custom_icon_color='' icon='ue808' font='entypo-fontello' id='' custom_class='' av_uid='av-k4h7yjlv' admin_preview_bg='']\r\n\r\n[av_heading heading='Partners in the development of Dolnob\u0159e\u017eanska' tag='h3' link='manually,http:\/\/' link_target='' style='blockquote modern-quote modern-centered' size='' subheading_active='' subheading_size='15' margin='' padding='10' icon_padding='10' color='' custom_font='' icon_color='' show_icon='' icon='' font='' icon_size='' custom_class='' id='' admin_preview_bg='' av-desktop-hide='' av-medium-hide='' av-small-hide='' av-mini-hide='' av-medium-font-size-title='' av-small-font-size-title='' av-mini-font-size-title='' av-medium-font-size='' av-small-font-size='' av-mini-font-size='' av-medium-font-size-1='' av-small-font-size-1='' av-mini-font-size-1='' av_uid='av-992he'][\/av_heading]\r\n\r\n[av_hr class='invisible' height='20' shadow='no-shadow' position='center' custom_border='av-border-thin' custom_width='50px' custom_border_color='' custom_margin_top='30px' custom_margin_bottom='30px' icon_select='yes' custom_icon_color='' icon='ue808' font='entypo-fontello' id='' custom_class='' av_uid='av-k4h7yjlv' admin_preview_bg='']\r\n\r\n[av_textblock size='' av-medium-font-size='' av-small-font-size='' av-mini-font-size='' font_color='' color='' id='' custom_class='' av_uid='av-juxs731b' admin_preview_bg='']\r\n<table class=\"logo-partners\">\r\n<tbody>\r\n<tr>\r\n<td><a href=\"https:\/\/etarea.cz\" target=\"_blank\" rel=\"noopener\"><img loading=\"lazy\" decoding=\"async\" class=\"alignnone wp-image-672\" src=\"http:\/\/www.corsobrezany.cz\/betaen\/wp-content\/uploads\/sites\/3\/2019\/04\/logo-etarea-300x194.png\" alt=\"\" width=\"101\" height=\"65\" srcset=\"https:\/\/www.corsobrezany.cz\/en\/wp-content\/uploads\/sites\/8\/2019\/04\/logo-etarea-300x194.png 300w, https:\/\/www.corsobrezany.cz\/en\/wp-content\/uploads\/sites\/8\/2019\/04\/logo-etarea-495x323.png 495w, https:\/\/www.corsobrezany.cz\/en\/wp-content\/uploads\/sites\/8\/2019\/04\/logo-etarea.png 500w, https:\/\/www.corsobrezany.cz\/en\/wp-content\/uploads\/sites\/8\/2019\/04\/logo-etarea-450x291.png 450w\" sizes=\"auto, (max-width: 101px) 100vw, 101px\" \/><\/a><\/td>\r\n<td><a href=\"http:\/\/www.dolnibrezany.cz\" target=\"_blank\" rel=\"noopener\"><img loading=\"lazy\" decoding=\"async\" class=\"alignnone wp-image-276\" src=\"http:\/\/www.corsobrezany.cz\/betaen\/wp-content\/uploads\/sites\/3\/2019\/04\/image.jpeg\" alt=\"\" width=\"90\" height=\"102\" srcset=\"https:\/\/www.corsobrezany.cz\/en\/wp-content\/uploads\/sites\/8\/2019\/04\/image.jpeg 200w, https:\/\/www.corsobrezany.cz\/en\/wp-content\/uploads\/sites\/8\/2019\/04\/image-150x170.jpeg 150w\" sizes=\"auto, (max-width: 90px) 100vw, 90px\" \/><\/a><\/td>\r\n<td><a href=\"http:\/\/www.mas-dolnobrezansko.cz\" target=\"_blank\" rel=\"noopener\"><img loading=\"lazy\" decoding=\"async\" class=\"alignnone wp-image-299\" src=\"http:\/\/www.corsobrezany.cz\/betaen\/wp-content\/uploads\/sites\/3\/2019\/04\/znak-mas.png\" alt=\"\" width=\"90\" height=\"86\" srcset=\"https:\/\/www.corsobrezany.cz\/en\/wp-content\/uploads\/sites\/8\/2019\/04\/znak-mas.png 215w, https:\/\/www.corsobrezany.cz\/en\/wp-content\/uploads\/sites\/8\/2019\/04\/znak-mas-150x144.png 150w\" sizes=\"auto, (max-width: 90px) 100vw, 90px\" \/><\/a><\/td>\r\n<td><a href=\"http:\/\/ric-dolnibrezany.cz\/\" target=\"_blank\" rel=\"noopener\"><img loading=\"lazy\" decoding=\"async\" class=\"alignnone wp-image-1411\" src=\"http:\/\/www.corsobrezany.cz\/betaen\/wp-content\/uploads\/sites\/3\/2019\/05\/logo.png\" alt=\"\" width=\"83\" height=\"96\" \/><\/a><\/td>\r\n<\/tr>\r\n<\/tbody>\r\n<\/table>\r\n[\/av_textblock]\r\n\r\n[av_hr class='invisible' height='80' shadow='no-shadow' position='center' custom_border='av-border-thin' custom_width='50px' custom_border_color='' custom_margin_top='30px' custom_margin_bottom='30px' icon_select='yes' custom_icon_color='' icon='ue808' font='entypo-fontello' id='' custom_class='' av_uid='av-k4h7yjlv' admin_preview_bg='']\r\n\r\n\n","protected":false},"excerpt":{"rendered":"","protected":false},"author":1,"featured_media":0,"parent":0,"menu_order":5,"comment_status":"closed","ping_status":"closed","template":"","meta":{"_acf_changed":false,"inline_featured_image":false,"footnotes":""},"class_list":["post-157","page","type-page","status-publish","hentry","wpautop"],"aioseo_notices":[],"acf":[],"_links":{"self":[{"href":"https:\/\/www.corsobrezany.cz\/en\/wp-json\/wp\/v2\/pages\/157","targetHints":{"allow":["GET"]}}],"collection":[{"href":"https:\/\/www.corsobrezany.cz\/en\/wp-json\/wp\/v2\/pages"}],"about":[{"href":"https:\/\/www.corsobrezany.cz\/en\/wp-json\/wp\/v2\/types\/page"}],"author":[{"embeddable":true,"href":"https:\/\/www.corsobrezany.cz\/en\/wp-json\/wp\/v2\/users\/1"}],"replies":[{"embeddable":true,"href":"https:\/\/www.corsobrezany.cz\/en\/wp-json\/wp\/v2\/comments?post=157"}],"version-history":[{"count":33,"href":"https:\/\/www.corsobrezany.cz\/en\/wp-json\/wp\/v2\/pages\/157\/revisions"}],"predecessor-version":[{"id":2396,"href":"https:\/\/www.corsobrezany.cz\/en\/wp-json\/wp\/v2\/pages\/157\/revisions\/2396"}],"wp:attachment":[{"href":"https:\/\/www.corsobrezany.cz\/en\/wp-json\/wp\/v2\/media?parent=157"}],"curies":[{"name":"wp","href":"https:\/\/api.w.org\/{rel}","templated":true}]}}