{"id":19,"date":"2019-04-23T09:28:41","date_gmt":"2019-04-23T07:28:41","guid":{"rendered":"http:\/\/www.corsobrezany.cz\/betaen\/betacz\/?page_id=19"},"modified":"2019-07-04T18:16:18","modified_gmt":"2019-07-04T16:16:18","slug":"kde-nas-najdete","status":"publish","type":"page","link":"https:\/\/www.corsobrezany.cz\/en\/kde-nas-najdete\/","title":{"rendered":"How to get there?"},"content":{"rendered":"<div id='full_slider_1'  class='avia-fullwidth-slider main_color avia-shadow av-desktop-hide av-medium-hide  avia-builder-el-0  el_before_av_slideshow_full  avia-builder-el-first  mainslide  container_wrap fullsize'  ><div  class='avia-slideshow av-juuxtcow-538bf9f7f84fa7c585c78d6605c59407 avia-slideshow-large av_slideshow_full avia-fade-slider mainslide av-desktop-hide av-medium-hide av-slideshow-ui av-control-default av-slideshow-manual av-loop-once av-loop-manual-endless av-default-height-applied   avia-slideshow-1' data-slideshow-options=\"{&quot;animation&quot;:&quot;fade&quot;,&quot;autoplay&quot;:false,&quot;loop_autoplay&quot;:&quot;once&quot;,&quot;interval&quot;:5,&quot;loop_manual&quot;:&quot;manual-endless&quot;,&quot;autoplay_stopper&quot;:false,&quot;noNavigation&quot;:false,&quot;bg_slider&quot;:false,&quot;keep_padding&quot;:false,&quot;hoverpause&quot;:false,&quot;show_slide_delay&quot;:0}\"  itemprop=\"image\" itemscope=\"itemscope\" itemtype=\"https:\/\/schema.org\/ImageObject\" ><ul class='avia-slideshow-inner ' style='padding-bottom: 66.6990291262%;'><li  class='avia-slideshow-slide av-juuxtcow-538bf9f7f84fa7c585c78d6605c59407__0  av-single-slide slide-1 slide-odd'><div data-rel='slideshow-1' class='avia-slide-wrap '   ><img decoding=\"async\" fetchpriority=\"high\" class=\"wp-image-252 avia-img-lazy-loading-not-252\"  src=\"https:\/\/www.corsobrezany.cz\/en\/wp-content\/uploads\/sites\/8\/2019\/04\/novy-obrazek-1030x687.jpg\" width=\"1030\" height=\"687\" title='nov\u00fd obr\u00e1zek' alt=''  itemprop=\"thumbnailUrl\" srcset=\"https:\/\/www.corsobrezany.cz\/en\/wp-content\/uploads\/sites\/8\/2019\/04\/novy-obrazek-1030x687.jpg 1030w, https:\/\/www.corsobrezany.cz\/en\/wp-content\/uploads\/sites\/8\/2019\/04\/novy-obrazek-300x200.jpg 300w, https:\/\/www.corsobrezany.cz\/en\/wp-content\/uploads\/sites\/8\/2019\/04\/novy-obrazek-768x512.jpg 768w, https:\/\/www.corsobrezany.cz\/en\/wp-content\/uploads\/sites\/8\/2019\/04\/novy-obrazek-1500x1000.jpg 1500w, https:\/\/www.corsobrezany.cz\/en\/wp-content\/uploads\/sites\/8\/2019\/04\/novy-obrazek-705x470.jpg 705w, https:\/\/www.corsobrezany.cz\/en\/wp-content\/uploads\/sites\/8\/2019\/04\/novy-obrazek-450x300.jpg 450w, https:\/\/www.corsobrezany.cz\/en\/wp-content\/uploads\/sites\/8\/2019\/04\/novy-obrazek-250x166.jpg 250w, https:\/\/www.corsobrezany.cz\/en\/wp-content\/uploads\/sites\/8\/2019\/04\/novy-obrazek-500x333.jpg 500w, https:\/\/www.corsobrezany.cz\/en\/wp-content\/uploads\/sites\/8\/2019\/04\/novy-obrazek-150x100.jpg 150w, https:\/\/www.corsobrezany.cz\/en\/wp-content\/uploads\/sites\/8\/2019\/04\/novy-obrazek.jpg 1600w\" sizes=\"(max-width: 1030px) 100vw, 1030px\" \/><\/div><\/li><\/ul><\/div><\/div>\n<div id='full_slider_2'  class='avia-fullwidth-slider main_color avia-shadow av-small-hide av-mini-hide  avia-builder-el-1  el_after_av_slideshow_full  el_before_av_hr  mainslide  slider-not-first container_wrap fullsize'  ><div  class='avia-slideshow av-juuxtcow-941f5a1e6b50a42f618719362c1abc4d avia-slideshow-featured av_slideshow_full avia-fade-slider mainslide av-small-hide av-mini-hide av-slideshow-ui av-control-default av-slideshow-manual av-loop-once av-loop-manual-endless av-default-height-applied   avia-slideshow-2' data-slideshow-options=\"{&quot;animation&quot;:&quot;fade&quot;,&quot;autoplay&quot;:false,&quot;loop_autoplay&quot;:&quot;once&quot;,&quot;interval&quot;:5,&quot;loop_manual&quot;:&quot;manual-endless&quot;,&quot;autoplay_stopper&quot;:false,&quot;noNavigation&quot;:false,&quot;bg_slider&quot;:false,&quot;keep_padding&quot;:false,&quot;hoverpause&quot;:false,&quot;show_slide_delay&quot;:0}\"  itemprop=\"image\" itemscope=\"itemscope\" itemtype=\"https:\/\/schema.org\/ImageObject\" ><ul class='avia-slideshow-inner ' style='padding-bottom: 28.6666666667%;'><li  class='avia-slideshow-slide av-juuxtcow-941f5a1e6b50a42f618719362c1abc4d__0  av-single-slide slide-1 slide-odd'><div data-rel='slideshow-2' class='avia-slide-wrap '   ><img decoding=\"async\" fetchpriority=\"high\" class=\"wp-image-252 avia-img-lazy-loading-not-252\"  src=\"https:\/\/www.corsobrezany.cz\/en\/wp-content\/uploads\/sites\/8\/2019\/04\/novy-obrazek-1500x430.jpg\" width=\"1500\" height=\"430\" title='nov\u00fd obr\u00e1zek' alt=''  itemprop=\"thumbnailUrl\"   \/><\/div><\/li><\/ul><\/div><\/div><div id='after_full_slider_2'  class='main_color av_default_container_wrap container_wrap fullsize'  ><div class='container av-section-cont-open' ><div class='template-page content  av-content-full alpha units'><div class='post-entry post-entry-type-page post-entry-19'><div class='entry-content-wrapper clearfix'>\n\n<style type=\"text\/css\" data-created_by=\"avia_inline_auto\" id=\"style-css-av-jvhtzw36-53c0f5466be25a95fd7b7a5742bc2420\">\n#top .hr.hr-invisible.av-jvhtzw36-53c0f5466be25a95fd7b7a5742bc2420{\nheight:30px;\n}\n<\/style>\n<div  class='hr av-jvhtzw36-53c0f5466be25a95fd7b7a5742bc2420 hr-invisible  avia-builder-el-2  el_after_av_slideshow_full  el_before_av_textblock  avia-builder-el-first '><span class='hr-inner '><span class=\"hr-inner-style\"><\/span><\/span><\/div>\n<section  class='av_textblock_section av-11xtr-88c4a59b2d17e86ebb56dd0a4475627f '   itemscope=\"itemscope\" itemtype=\"https:\/\/schema.org\/CreativeWork\" ><div class='avia_textblock'  itemprop=\"text\" ><p class=\"p2\"><span class=\"s1\"><b>BY CAR<\/b><\/span><\/p>\n<p class=\"p3\"><span class=\"s1\">N\u00e1m Na S\u00e1dk\u00e1ch 250<\/span><\/p>\n<p class=\"p3\"><span class=\"s1\">Doln\u00ed B\u0159e\u017eany<\/span><\/p>\n<p class=\"p3\"><span class=\"s1\">\u00a0<\/span><\/p>\n<p class=\"p2\"><span class=\"s2\">GPS Coordinates:\u00a0<\/span><span class=\"s1\"><b>49.9646275N, 14.4588353<\/b><\/span><\/p>\n<p class=\"p3\"><span class=\"s1\">\u00a0<\/span><\/p>\n<p class=\"p4\"><strong><span class=\"s3\">BY BU<\/span><span class=\"s1\">S <\/span><\/strong><span class=\"s3\">(Bus stop Doln\u00ed B\u0159e\u017eany,\u00a0<\/span><span class=\"s1\">n<\/span><span class=\"s3\">\u00e1<\/span><span class=\"s1\">m<\/span><span class=\"s3\">\u011bs<\/span><span class=\"s1\">t<\/span><span class=\"s3\">\u00ed)<\/span><\/p>\n<ul class=\"ul1\">\n<li class=\"li4\"><span class=\"s3\">Number 331 and 333 from Ka\u010derov metro station<\/span><\/li>\n<li class=\"li4\"><span class=\"s3\">Number 341 from Mod\u0159any<\/span><\/li>\n<\/ul>\n<p class=\"p3\"><span class=\"s1\">Timetable information <a href=\"http:\/\/www.dpp.cz\"><span class=\"s5\">www.dpp.cz<\/span><\/a><\/span><\/p>\n<p class=\"p3\"><span class=\"s1\">\u00a0<\/span><\/p>\n<p class=\"p2\"><span class=\"s1\"><b>We are preparing an interactive map of Corso for you!<\/b><\/span><\/p>\n<\/div><\/section>\n\n<style type=\"text\/css\" data-created_by=\"avia_inline_auto\" id=\"style-css-av-jvhtzw36-53c0f5466be25a95fd7b7a5742bc2420\">\n#top .hr.hr-invisible.av-jvhtzw36-53c0f5466be25a95fd7b7a5742bc2420{\nheight:30px;\n}\n<\/style>\n<div  class='hr av-jvhtzw36-53c0f5466be25a95fd7b7a5742bc2420 hr-invisible  avia-builder-el-4  el_after_av_textblock  el_before_av_google_map  avia-builder-el-last '><span class='hr-inner '><span class=\"hr-inner-style\"><\/span><\/span><\/div>\n<div  class='av_gmaps_sc_main_wrap av_gmaps_main_wrap '><div id='av_gmap_0' class='avia-google-map-container avia-google-map-sc av_gmaps_show_unconditionally av-no-fallback-img ' data-mapid='av_gmap_0'  style='height: 400px;'><a class=\"av_gmaps_browser_disabled av_text_confirm_link av_text_confirm_link_visible\" href=\"https:\/\/www.google.com\/maps\/search\/?api=1&#038;query=N\u00e1m\u011bst\u00ed%20%20Doln\u00ed%20B\u0159e\u017eany%20%20Czech%20Republic\" target=\"_blank\">Maps were disabled by the visitor on this site. Click to open the map in a new window.<\/a><\/div><\/div>\n[av_hr class='invisible' height='100' shadow='no-shadow' position='center' custom_border='av-border-thin' custom_width='50px' custom_border_color='' custom_margin_top='30px' custom_margin_bottom='30px' icon_select='yes' custom_icon_color='' icon='ue808' font='entypo-fontello' id='' custom_class='' av_uid='av-k4h7yjlv' admin_preview_bg='']\r\n\r\n[av_heading heading='Partners in the development of Dolnob\u0159e\u017eanska' tag='h3' link='manually,http:\/\/' link_target='' style='blockquote modern-quote modern-centered' size='' subheading_active='' subheading_size='15' margin='' padding='10' icon_padding='10' color='' custom_font='' icon_color='' show_icon='' icon='' font='' icon_size='' custom_class='' id='' admin_preview_bg='' av-desktop-hide='' av-medium-hide='' av-small-hide='' av-mini-hide='' av-medium-font-size-title='' av-small-font-size-title='' av-mini-font-size-title='' av-medium-font-size='' av-small-font-size='' av-mini-font-size='' av-medium-font-size-1='' av-small-font-size-1='' av-mini-font-size-1='' av_uid='av-992he'][\/av_heading]\r\n\r\n[av_hr class='invisible' height='20' shadow='no-shadow' position='center' custom_border='av-border-thin' custom_width='50px' custom_border_color='' custom_margin_top='30px' custom_margin_bottom='30px' icon_select='yes' custom_icon_color='' icon='ue808' font='entypo-fontello' id='' custom_class='' av_uid='av-k4h7yjlv' admin_preview_bg='']\r\n\r\n[av_textblock size='' av-medium-font-size='' av-small-font-size='' av-mini-font-size='' font_color='' color='' id='' custom_class='' av_uid='av-juxs731b' admin_preview_bg='']\r\n<table class=\"logo-partners\">\r\n<tbody>\r\n<tr>\r\n<td><a href=\"https:\/\/etarea.cz\" target=\"_blank\" rel=\"noopener\"><img loading=\"lazy\" decoding=\"async\" class=\"alignnone wp-image-672\" src=\"http:\/\/www.corsobrezany.cz\/betaen\/wp-content\/uploads\/sites\/3\/2019\/04\/logo-etarea-300x194.png\" alt=\"\" width=\"101\" height=\"65\" srcset=\"https:\/\/www.corsobrezany.cz\/en\/wp-content\/uploads\/sites\/8\/2019\/04\/logo-etarea-300x194.png 300w, https:\/\/www.corsobrezany.cz\/en\/wp-content\/uploads\/sites\/8\/2019\/04\/logo-etarea-495x323.png 495w, https:\/\/www.corsobrezany.cz\/en\/wp-content\/uploads\/sites\/8\/2019\/04\/logo-etarea.png 500w, https:\/\/www.corsobrezany.cz\/en\/wp-content\/uploads\/sites\/8\/2019\/04\/logo-etarea-450x291.png 450w\" sizes=\"auto, (max-width: 101px) 100vw, 101px\" \/><\/a><\/td>\r\n<td><a href=\"http:\/\/www.dolnibrezany.cz\" target=\"_blank\" rel=\"noopener\"><img loading=\"lazy\" decoding=\"async\" class=\"alignnone wp-image-276\" src=\"http:\/\/www.corsobrezany.cz\/betaen\/wp-content\/uploads\/sites\/3\/2019\/04\/image.jpeg\" alt=\"\" width=\"90\" height=\"102\" srcset=\"https:\/\/www.corsobrezany.cz\/en\/wp-content\/uploads\/sites\/8\/2019\/04\/image.jpeg 200w, https:\/\/www.corsobrezany.cz\/en\/wp-content\/uploads\/sites\/8\/2019\/04\/image-150x170.jpeg 150w\" sizes=\"auto, (max-width: 90px) 100vw, 90px\" \/><\/a><\/td>\r\n<td><a href=\"http:\/\/www.mas-dolnobrezansko.cz\" target=\"_blank\" rel=\"noopener\"><img loading=\"lazy\" decoding=\"async\" class=\"alignnone wp-image-299\" src=\"http:\/\/www.corsobrezany.cz\/betaen\/wp-content\/uploads\/sites\/3\/2019\/04\/znak-mas.png\" alt=\"\" width=\"90\" height=\"86\" srcset=\"https:\/\/www.corsobrezany.cz\/en\/wp-content\/uploads\/sites\/8\/2019\/04\/znak-mas.png 215w, https:\/\/www.corsobrezany.cz\/en\/wp-content\/uploads\/sites\/8\/2019\/04\/znak-mas-150x144.png 150w\" sizes=\"auto, (max-width: 90px) 100vw, 90px\" \/><\/a><\/td>\r\n<td><a href=\"http:\/\/ric-dolnibrezany.cz\/\" target=\"_blank\" rel=\"noopener\"><img loading=\"lazy\" decoding=\"async\" class=\"alignnone wp-image-1411\" src=\"http:\/\/www.corsobrezany.cz\/betaen\/wp-content\/uploads\/sites\/3\/2019\/05\/logo.png\" alt=\"\" width=\"83\" height=\"96\" \/><\/a><\/td>\r\n<\/tr>\r\n<\/tbody>\r\n<\/table>\r\n[\/av_textblock]\r\n\r\n[av_hr class='invisible' height='80' shadow='no-shadow' position='center' custom_border='av-border-thin' custom_width='50px' custom_border_color='' custom_margin_top='30px' custom_margin_bottom='30px' icon_select='yes' custom_icon_color='' icon='ue808' font='entypo-fontello' id='' custom_class='' av_uid='av-k4h7yjlv' admin_preview_bg='']\r\n\r\n\n","protected":false},"excerpt":{"rendered":"","protected":false},"author":1,"featured_media":0,"parent":0,"menu_order":11,"comment_status":"closed","ping_status":"closed","template":"","meta":{"_acf_changed":false,"inline_featured_image":false,"footnotes":""},"class_list":["post-19","page","type-page","status-publish","hentry","wpautop"],"aioseo_notices":[],"acf":[],"_links":{"self":[{"href":"https:\/\/www.corsobrezany.cz\/en\/wp-json\/wp\/v2\/pages\/19","targetHints":{"allow":["GET"]}}],"collection":[{"href":"https:\/\/www.corsobrezany.cz\/en\/wp-json\/wp\/v2\/pages"}],"about":[{"href":"https:\/\/www.corsobrezany.cz\/en\/wp-json\/wp\/v2\/types\/page"}],"author":[{"embeddable":true,"href":"https:\/\/www.corsobrezany.cz\/en\/wp-json\/wp\/v2\/users\/1"}],"replies":[{"embeddable":true,"href":"https:\/\/www.corsobrezany.cz\/en\/wp-json\/wp\/v2\/comments?post=19"}],"version-history":[{"count":25,"href":"https:\/\/www.corsobrezany.cz\/en\/wp-json\/wp\/v2\/pages\/19\/revisions"}],"predecessor-version":[{"id":2075,"href":"https:\/\/www.corsobrezany.cz\/en\/wp-json\/wp\/v2\/pages\/19\/revisions\/2075"}],"wp:attachment":[{"href":"https:\/\/www.corsobrezany.cz\/en\/wp-json\/wp\/v2\/media?parent=19"}],"curies":[{"name":"wp","href":"https:\/\/api.w.org\/{rel}","templated":true}]}}